{"id":467,"date":"2013-08-18T19:18:32","date_gmt":"2013-08-19T02:18:32","guid":{"rendered":"http:\/\/www.LorianBartleStrings.com\/?page_id=467"},"modified":"2025-05-29T20:20:19","modified_gmt":"2025-05-30T03:20:19","slug":"audio","status":"publish","type":"page","link":"https:\/\/www.bartleguitarstudio.com\/?page_id=467","title":{"rendered":"Audio"},"content":{"rendered":"<div class=\"wp-block-image\">\n<figure class=\"alignright size-large is-resized\"><img loading=\"lazy\" decoding=\"async\" width=\"1363\" height=\"1364\" src=\"https:\/\/www.bartleguitarstudio.com\/wp-content\/uploads\/2025\/05\/Lorian-and-Jennifer-Oct-2024-Web-025-edited-1.jpg\" alt=\"\" class=\"wp-image-4835\" style=\"width:445px;height:auto\" srcset=\"https:\/\/www.bartleguitarstudio.com\/wp-content\/uploads\/2025\/05\/Lorian-and-Jennifer-Oct-2024-Web-025-edited-1.jpg 1363w, https:\/\/www.bartleguitarstudio.com\/wp-content\/uploads\/2025\/05\/Lorian-and-Jennifer-Oct-2024-Web-025-edited-1-300x300.jpg 300w, https:\/\/www.bartleguitarstudio.com\/wp-content\/uploads\/2025\/05\/Lorian-and-Jennifer-Oct-2024-Web-025-edited-1-1024x1024.jpg 1024w, https:\/\/www.bartleguitarstudio.com\/wp-content\/uploads\/2025\/05\/Lorian-and-Jennifer-Oct-2024-Web-025-edited-1-150x150.jpg 150w, https:\/\/www.bartleguitarstudio.com\/wp-content\/uploads\/2025\/05\/Lorian-and-Jennifer-Oct-2024-Web-025-edited-1-768x769.jpg 768w\" sizes=\"auto, (max-width: 1363px) 100vw, 1363px\" \/><\/figure>\n<\/div>\n\n\n<p><br>\n<span style=\"color: #3366ff;\"><em><strong>Classical Guitar<\/strong><\/em><\/span><br>\nAve Maria, Franz Schubert<br>\n<a href=\"https:\/\/www.BartleGuitarStudio.com\/wp-content\/uploads\/2013\/08\/AveMariaForWebsite.mp3\">Ave Maria Excerpt<\/a><br>\nPrelude in C, J.S. Bach<br>\n<a href=\"https:\/\/www.BartleGuitarStudio.com\/wp-content\/uploads\/2013\/08\/PreludeInCForWebsite.mp3\">Prelude in C<\/a><br>\nL\u00e1grima, Francisco T\u00e1rrega<br>\n<a href=\"https:\/\/www.BartleGuitarStudio.com\/wp-content\/uploads\/2013\/08\/Lagrima-ForWebsite.mp3\">Lagrima Excerpt<\/a><br>\nPavane III, Luis de Mil\u00e1n<br>\n<a href=\"https:\/\/www.BartleGuitarStudio.com\/wp-content\/uploads\/2013\/08\/PavaneForWebsite.mp3\">Pavane III Excerpt<\/a><\/p>\n\n\n\n<p><span style=\"color: #3366ff;\"><em><strong>Voice and Guitar<\/strong><\/em><\/span><br>\nLa Vie en rose<br>\n<a href=\"https:\/\/www.BartleGuitarStudio.com\/wp-content\/uploads\/2013\/08\/LaVieEnRose30secFade.mp3\">La Vie en rose<\/a><br>\nDarn That Dream<br>\n<a href=\"https:\/\/www.BartleGuitarStudio.com\/wp-content\/uploads\/2013\/08\/DarnThatDreamForWebsite.mp3\">Darn That Dream<\/a><br>\nGrow Old with Me<br>\n<a href=\"https:\/\/www.BartleGuitarStudio.com\/wp-content\/uploads\/2013\/08\/GrowOldWithMe30secFade.mp3\">Grow Old With Me<\/a><br>\nAmazing Grace<br>\n<a href=\"https:\/\/www.BartleGuitarStudio.com\/wp-content\/uploads\/2013\/08\/AmazingGraceForWebsite.mp3\">Amazing Grace<\/a><\/p>\n\n\n<div class=\"wp-block-image\">\n<figure class=\"alignright size-large is-resized\"><img loading=\"lazy\" decoding=\"async\" width=\"1364\" height=\"1363\" src=\"https:\/\/www.bartleguitarstudio.com\/wp-content\/uploads\/2025\/05\/Lorian-and-Jennifer-Oct-2024-Web-021-1-edited-1.jpg\" alt=\"\" class=\"wp-image-4840\" style=\"width:447px;height:auto\" srcset=\"https:\/\/www.bartleguitarstudio.com\/wp-content\/uploads\/2025\/05\/Lorian-and-Jennifer-Oct-2024-Web-021-1-edited-1.jpg 1364w, https:\/\/www.bartleguitarstudio.com\/wp-content\/uploads\/2025\/05\/Lorian-and-Jennifer-Oct-2024-Web-021-1-edited-1-300x300.jpg 300w, https:\/\/www.bartleguitarstudio.com\/wp-content\/uploads\/2025\/05\/Lorian-and-Jennifer-Oct-2024-Web-021-1-edited-1-1024x1024.jpg 1024w, https:\/\/www.bartleguitarstudio.com\/wp-content\/uploads\/2025\/05\/Lorian-and-Jennifer-Oct-2024-Web-021-1-edited-1-150x150.jpg 150w, https:\/\/www.bartleguitarstudio.com\/wp-content\/uploads\/2025\/05\/Lorian-and-Jennifer-Oct-2024-Web-021-1-edited-1-768x767.jpg 768w\" sizes=\"auto, (max-width: 1364px) 100vw, 1364px\" \/><\/figure>\n<\/div>\n\n\n<p><br>\n<span style=\"color: #3366ff;\"><em><strong>Flute and Guitar<\/strong><\/em><\/span><br>\nTrumpet Voluntary, Henry Purcell<br>\n<a href=\"https:\/\/www.BartleGuitarStudio.com\/wp-content\/uploads\/2013\/08\/TrumpetVoluntaryForWebsite.mp3\">Trumpet Voluntary<\/a><br>\nGounod&#8217;s Ave Maria, Bach\/Gounod<br>\n<a href=\"https:\/\/www.BartleGuitarStudio.com\/wp-content\/uploads\/2013\/08\/GounodAvaMariaForWebsite.mp3\">Gounod Ave Maria<\/a><br>\nCavatina, Stanley Myers<br>\n<a href=\"https:\/\/www.BartleGuitarStudio.com\/wp-content\/uploads\/2013\/08\/CavatinaForWebsite.mp3\">Cavatina<\/a><br>\nJennie&#8217;s Own Schottisch, Stephen Foster<br>\n<a href=\"https:\/\/www.BartleGuitarStudio.com\/wp-content\/uploads\/2013\/08\/JenniesOwnSchottischForWebsite.mp3\">Jennie&#8217;s Own Schottisch<\/a><br>\nEntr&#8217;acte, Jacques Ibert<br>\n<a href=\"https:\/\/www.BartleGuitarStudio.com\/wp-content\/uploads\/2013\/08\/EntracteForWebsite.mp3\">Entr&#8217;acte<\/a><\/p>\n","protected":false},"excerpt":{"rendered":"<p>Classical Guitar Ave Maria, Franz Schubert Ave Maria Excerpt Prelude in C, J.S. Bach Prelude in C L\u00e1grima, Francisco T\u00e1rrega Lagrima Excerpt Pavane III, Luis de Mil\u00e1n Pavane III Excerpt Voice and Guitar La Vie en rose La Vie en &hellip; <a href=\"https:\/\/www.bartleguitarstudio.com\/?page_id=467\">Continue reading <span class=\"meta-nav\">&rarr;<\/span><\/a><\/p>\n","protected":false},"author":3,"featured_media":0,"parent":0,"menu_order":0,"comment_status":"closed","ping_status":"closed","template":"","meta":{"footnotes":""},"class_list":["post-467","page","type-page","status-publish","hentry"],"_links":{"self":[{"href":"https:\/\/www.bartleguitarstudio.com\/index.php?rest_route=\/wp\/v2\/pages\/467","targetHints":{"allow":["GET"]}}],"collection":[{"href":"https:\/\/www.bartleguitarstudio.com\/index.php?rest_route=\/wp\/v2\/pages"}],"about":[{"href":"https:\/\/www.bartleguitarstudio.com\/index.php?rest_route=\/wp\/v2\/types\/page"}],"author":[{"embeddable":true,"href":"https:\/\/www.bartleguitarstudio.com\/index.php?rest_route=\/wp\/v2\/users\/3"}],"replies":[{"embeddable":true,"href":"https:\/\/www.bartleguitarstudio.com\/index.php?rest_route=%2Fwp%2Fv2%2Fcomments&post=467"}],"version-history":[{"count":82,"href":"https:\/\/www.bartleguitarstudio.com\/index.php?rest_route=\/wp\/v2\/pages\/467\/revisions"}],"predecessor-version":[{"id":4841,"href":"https:\/\/www.bartleguitarstudio.com\/index.php?rest_route=\/wp\/v2\/pages\/467\/revisions\/4841"}],"wp:attachment":[{"href":"https:\/\/www.bartleguitarstudio.com\/index.php?rest_route=%2Fwp%2Fv2%2Fmedia&parent=467"}],"curies":[{"name":"wp","href":"https:\/\/api.w.org\/{rel}","templated":true}]}}